{"id":96,"date":"2023-05-05T18:18:48","date_gmt":"2023-05-05T21:18:48","guid":{"rendered":"http:\/\/medassist.med.br\/?page_id=96"},"modified":"2023-05-19T13:29:27","modified_gmt":"2023-05-19T16:29:27","slug":"diferenciais","status":"publish","type":"page","link":"https:\/\/medassist.med.br\/index.php\/diferenciais\/","title":{"rendered":"Diferenciais"},"content":{"rendered":"\t\t<div data-elementor-type=\"wp-page\" data-elementor-id=\"96\" class=\"elementor elementor-96\" data-elementor-post-type=\"page\">\n\t\t\t\t\t\t<section class=\"elementor-section elementor-top-section elementor-element elementor-element-d5a6024 elementor-section-boxed elementor-section-height-default elementor-section-height-default\" data-id=\"d5a6024\" data-element_type=\"section\" data-e-type=\"section\" data-settings=\"{&quot;background_background&quot;:&quot;gradient&quot;}\">\n\t\t\t\t\t\t<div class=\"elementor-container elementor-column-gap-default\">\n\t\t\t\t\t<div class=\"elementor-column elementor-col-50 elementor-top-column elementor-element elementor-element-05344ec\" data-id=\"05344ec\" data-element_type=\"column\" data-e-type=\"column\">\n\t\t\t<div class=\"elementor-widget-wrap elementor-element-populated\">\n\t\t\t\t\t\t<div class=\"elementor-element elementor-element-1be8e59 elementor-hidden-desktop elementor-hidden-tablet elementor-widget elementor-widget-image\" data-id=\"1be8e59\" data-element_type=\"widget\" data-e-type=\"widget\" data-widget_type=\"image.default\">\n\t\t\t\t<div class=\"elementor-widget-container\">\n\t\t\t\t\t\t\t\t\t\t\t\t\t\t\t<img fetchpriority=\"high\" decoding=\"async\" width=\"674\" height=\"414\" src=\"http:\/\/medassist.med.br\/wp-content\/uploads\/2023\/05\/simbolo2_Prancheta-1-1.png\" class=\"attachment-large size-large wp-image-41\" alt=\"\" srcset=\"http:\/\/medassist.med.br\/wp-content\/uploads\/2023\/05\/simbolo2_Prancheta-1-1.png 674w, http:\/\/medassist.med.br\/wp-content\/uploads\/2023\/05\/simbolo2_Prancheta-1-1-300x184.png 300w\" sizes=\"(max-width: 674px) 100vw, 674px\" \/>\t\t\t\t\t\t\t\t\t\t\t\t\t\t\t<\/div>\n\t\t\t\t<\/div>\n\t\t\t\t<div class=\"elementor-element elementor-element-ca16cba elementor-widget elementor-widget-text-editor\" data-id=\"ca16cba\" data-element_type=\"widget\" data-e-type=\"widget\" data-widget_type=\"text-editor.default\">\n\t\t\t\t<div class=\"elementor-widget-container\">\n\t\t\t\t\t\t\t\t\t<p>Nossos <br \/><span style=\"font-weight: bold;\">Diferenciais<\/span><\/p>\t\t\t\t\t\t\t\t<\/div>\n\t\t\t\t<\/div>\n\t\t\t\t\t<\/div>\n\t\t<\/div>\n\t\t\t\t<div class=\"elementor-column elementor-col-50 elementor-top-column elementor-element elementor-element-2c7b8df\" data-id=\"2c7b8df\" data-element_type=\"column\" data-e-type=\"column\">\n\t\t\t<div class=\"elementor-widget-wrap elementor-element-populated\">\n\t\t\t\t\t\t<div class=\"elementor-element elementor-element-22f63b8 elementor-hidden-mobile elementor-widget elementor-widget-image\" data-id=\"22f63b8\" data-element_type=\"widget\" data-e-type=\"widget\" data-widget_type=\"image.default\">\n\t\t\t\t<div class=\"elementor-widget-container\">\n\t\t\t\t\t\t\t\t\t\t\t\t\t\t\t<img fetchpriority=\"high\" decoding=\"async\" width=\"674\" height=\"414\" src=\"http:\/\/medassist.med.br\/wp-content\/uploads\/2023\/05\/simbolo2_Prancheta-1-1.png\" class=\"attachment-large size-large wp-image-41\" alt=\"\" srcset=\"http:\/\/medassist.med.br\/wp-content\/uploads\/2023\/05\/simbolo2_Prancheta-1-1.png 674w, http:\/\/medassist.med.br\/wp-content\/uploads\/2023\/05\/simbolo2_Prancheta-1-1-300x184.png 300w\" sizes=\"(max-width: 674px) 100vw, 674px\" \/>\t\t\t\t\t\t\t\t\t\t\t\t\t\t\t<\/div>\n\t\t\t\t<\/div>\n\t\t\t\t\t<\/div>\n\t\t<\/div>\n\t\t\t\t\t<\/div>\n\t\t<\/section>\n\t\t\t\t<section class=\"elementor-section elementor-top-section elementor-element elementor-element-3d7fb3a elementor-section-boxed elementor-section-height-default elementor-section-height-default\" data-id=\"3d7fb3a\" data-element_type=\"section\" data-e-type=\"section\">\n\t\t\t\t\t\t<div class=\"elementor-container elementor-column-gap-default\">\n\t\t\t\t\t<div class=\"elementor-column elementor-col-100 elementor-top-column elementor-element elementor-element-c7dfd06\" data-id=\"c7dfd06\" data-element_type=\"column\" data-e-type=\"column\">\n\t\t\t<div class=\"elementor-widget-wrap elementor-element-populated\">\n\t\t\t\t\t\t<section class=\"elementor-section elementor-inner-section elementor-element elementor-element-893eb25 elementor-section-boxed elementor-section-height-default elementor-section-height-default\" data-id=\"893eb25\" data-element_type=\"section\" data-e-type=\"section\">\n\t\t\t\t\t\t<div class=\"elementor-container elementor-column-gap-default\">\n\t\t\t\t\t<div class=\"elementor-column elementor-col-25 elementor-inner-column elementor-element elementor-element-8397890\" data-id=\"8397890\" data-element_type=\"column\" data-e-type=\"column\">\n\t\t\t<div class=\"elementor-widget-wrap elementor-element-populated\">\n\t\t\t\t\t\t<div class=\"elementor-element elementor-element-43eda06 elementor-widget elementor-widget-html\" data-id=\"43eda06\" data-element_type=\"widget\" data-e-type=\"widget\" data-widget_type=\"html.default\">\n\t\t\t\t<div class=\"elementor-widget-container\">\n\t\t\t\t\t<head> \r\n    <style>\r\n    \r\n    \r\n    @media screen and (max-width: 991px) {\r\n        .hover-effect .text-overlay p {\r\n            padding-top: 120px;\r\n        }\r\n    }\r\n    \r\n.hover-effect {\r\n  position: relative;\r\n  display: inline-block;\r\n  transition: 2s;\r\n} \r\n\r\n    \r\n.hover-effect:hover .text-overlay {\r\n  display: block;\r\n  transition: 2s;\r\n}\r\n\r\n.text-overlay {\r\n  position: absolute;\r\n  top: 0;\r\n  left: 0;\r\n  width: 100%;\r\n  height: 100%;\r\n  display: none;\r\n  transition: 2s;\r\n}\r\n\r\n.text-overlay p {\r\n  border: 1px solid #002555;\r\n  padding: 10px;\r\n  padding-top: 50px;\r\n  color: #002555;\r\n  font-weight: 400;\r\n  transition: 2s;\r\n  padding-bottom: 60px;\r\n  background-color: white;\r\n  max-height: 100%;\r\n  overflow: hidden;\r\n    \r\n}\r\n\r\n\r\n\r\n    <\/style>\r\n<\/head>\r\n\r\n<div class=\"hover-effect\">\r\n  <img decoding=\"async\" src=\"http:\/\/medassist.med.br\/wp-content\/uploads\/2023\/05\/assinatura.png\" alt=\"Imagem\" \/>\r\n  <div class=\"text-overlay\">\r\n    <p>\r\n        A solu\u00e7\u00e3o conta com certificado digital em nuvem e assinatura eletr\u00f4nica automatizada, assegurando a autenticidade e a seguran\u00e7a das informa\u00e7\u00f5es compartilhadas.\r\n    <\/p>\r\n  <\/div>\r\n<\/div>\t\t\t\t<\/div>\n\t\t\t\t<\/div>\n\t\t\t\t\t<\/div>\n\t\t<\/div>\n\t\t\t\t<div class=\"elementor-column elementor-col-25 elementor-inner-column elementor-element elementor-element-6126528\" data-id=\"6126528\" data-element_type=\"column\" data-e-type=\"column\">\n\t\t\t<div class=\"elementor-widget-wrap elementor-element-populated\">\n\t\t\t\t\t\t<div class=\"elementor-element elementor-element-8bf30ea elementor-widget elementor-widget-html\" data-id=\"8bf30ea\" data-element_type=\"widget\" data-e-type=\"widget\" data-widget_type=\"html.default\">\n\t\t\t\t<div class=\"elementor-widget-container\">\n\t\t\t\t\t<head> \r\n    <style>\r\n        .hover-effect {\r\n  position: relative;\r\n  display: inline-block;\r\n  transition: 2s;\r\n}\r\n\r\n\r\n    .hover-effect img:hover{\r\n      \r\n    }\r\n    \r\n    \r\n.hover-effect:hover .text-overlay {\r\n  display: block;\r\n  transition: 2s;\r\n}\r\n\r\n.text-overlay {\r\n  position: absolute;\r\n  top: 0;\r\n  left: 0;\r\n  width: 100%;\r\n  height: 100% !important;\r\n  display: none;\r\n  transition: 2s;\r\n}\r\n\r\n.text-overlay p {\r\n  border: 1px solid #002555;\r\n  padding: 10px;\r\n  padding-top: 50px;\r\n  color: #002555;\r\n  font-weight: 400;\r\n  transition: 2s;\r\n  padding-bottom: 60px;\r\n  background-color: white;\r\n  max-height: 100% !important;\r\n  overflow: auto;\r\n    \r\n}\r\n\r\n    @media screen and (max-width: 991px) {\r\n        .text-overlay p {\r\n            \r\n    \r\n            \r\n            padding-bottom:  200px;\r\n            overflow: hidden;\r\n        }\r\n    }\r\n\r\n    <\/style>\r\n<\/head>\r\n\r\n<div class=\"hover-effect\">\r\n  <img decoding=\"async\" src=\"http:\/\/medassist.med.br\/wp-content\/uploads\/2023\/05\/tecnologia.png\" alt=\"Imagem\" \/>\r\n  <div class=\"text-overlay\">\r\n    <p>\r\n        Nossa solu\u00e7\u00e3o utiliza uma abordagem ass\u00edncrona para auxiliar na tomada de decis\u00f5es cl\u00ednicas, proporcionando maior flexibilidade e efici\u00eancia no processo.\r\n    <\/p>\r\n  <\/div>\r\n<\/div>\t\t\t\t<\/div>\n\t\t\t\t<\/div>\n\t\t\t\t\t<\/div>\n\t\t<\/div>\n\t\t\t\t<div class=\"elementor-column elementor-col-25 elementor-inner-column elementor-element elementor-element-d582061\" data-id=\"d582061\" data-element_type=\"column\" data-e-type=\"column\">\n\t\t\t<div class=\"elementor-widget-wrap elementor-element-populated\">\n\t\t\t\t\t\t<div class=\"elementor-element elementor-element-6d32de9 elementor-widget elementor-widget-html\" data-id=\"6d32de9\" data-element_type=\"widget\" data-e-type=\"widget\" data-widget_type=\"html.default\">\n\t\t\t\t<div class=\"elementor-widget-container\">\n\t\t\t\t\t<head> \r\n    <style>\r\n        .hover-effect {\r\n  position: relative;\r\n  display: inline-block;\r\n  transition: 2s;\r\n}\r\n\r\n\r\n    .hover-effect img:hover{\r\n      \r\n    }\r\n    \r\n    \r\n.hover-effect:hover .text-overlay {\r\n  display: block;\r\n  transition: 2s;\r\n}\r\n\r\n.text-overlay {\r\n  position: absolute;\r\n  top: 0;\r\n  left: 0;\r\n  width: 100%;\r\n  height: 100% !important;\r\n  display: none;\r\n  transition: 2s;\r\n}\r\n\r\n.text-overlay p {\r\n  border: 1px solid #002555;\r\n  padding: 10px;\r\n  padding-top: 50px;\r\n  color: #002555;\r\n  font-weight: 400;\r\n  transition: 2s;\r\n  padding-bottom: 60px;\r\n  background-color: white;\r\n  max-height: 100% !important;\r\n  overflow: hidden;\r\n    \r\n}\r\n\r\n    @media screen and (max-width: 991px) {\r\n        .text-overlay p {\r\n            \r\n    \r\n            \r\n            padding-bottom:  200px;\r\n            overflow: hidden;\r\n        }\r\n    }\r\n\r\n    <\/style>\r\n<\/head>\r\n\r\n<div class=\"hover-effect\">\r\n  <img decoding=\"async\" src=\"http:\/\/medassist.med.br\/wp-content\/uploads\/2023\/05\/integracao.png\" alt=\"Imagem\" \/>\r\n  <div class=\"text-overlay\">\r\n    <p>\r\n       O software \u00e9 integrado \u00e0 nuvem DICOM, permitindo o armazenamento e a manipula\u00e7\u00e3o segura de imagens m\u00e9dicas, facilitando o acesso e a colabora\u00e7\u00e3o entre profissionais de sa\u00fade.\r\n    <\/p>\r\n  <\/div>\r\n<\/div>\t\t\t\t<\/div>\n\t\t\t\t<\/div>\n\t\t\t\t\t<\/div>\n\t\t<\/div>\n\t\t\t\t<div class=\"elementor-column elementor-col-25 elementor-inner-column elementor-element elementor-element-b992318\" data-id=\"b992318\" data-element_type=\"column\" data-e-type=\"column\">\n\t\t\t<div class=\"elementor-widget-wrap elementor-element-populated\">\n\t\t\t\t\t\t<div class=\"elementor-element elementor-element-eb36f72 elementor-widget elementor-widget-html\" data-id=\"eb36f72\" data-element_type=\"widget\" data-e-type=\"widget\" data-widget_type=\"html.default\">\n\t\t\t\t<div class=\"elementor-widget-container\">\n\t\t\t\t\t<head> \r\n    <style>\r\n        .hover-effect {\r\n  position: relative;\r\n  display: inline-block;\r\n  transition: 2s;\r\n}\r\n\r\n\r\n    .hover-effect img:hover{\r\n      \r\n    }\r\n    \r\n    \r\n.hover-effect:hover .text-overlay {\r\n  display: block;\r\n  transition: 2s;\r\n}\r\n\r\n.text-overlay {\r\n  position: absolute;\r\n  top: 0;\r\n  left: 0;\r\n  width: 100%;\r\n  height: 100% !important;\r\n  display: none;\r\n  transition: 2s;\r\n}\r\n\r\n.text-overlay p {\r\n  border: 1px solid #002555;\r\n  padding: 10px;\r\n  padding-top: 50px;\r\n  color: #002555;\r\n  font-weight: 400;\r\n  transition: 2s;\r\n  padding-bottom: 60px;\r\n  background-color: white;\r\n  max-height: 100% !important;\r\n  overflow: hidden;\r\n    \r\n}\r\n\r\n    @media screen and (max-width: 991px) {\r\n        .hover-effect .text-overlay p {\r\n            \r\n    \r\n            padding-top: 130px;\r\n            \r\n            padding-bottom:  80px;\r\n            overflow: hidden;\r\n        }\r\n    }\r\n\r\n    <\/style>\r\n<\/head>\r\n\r\n<div class=\"hover-effect\">\r\n  <img decoding=\"async\" src=\"http:\/\/medassist.med.br\/wp-content\/uploads\/2023\/05\/banco-de-dados.png\" alt=\"Imagem\" \/>\r\n  <div class=\"text-overlay\">\r\n    <p>\r\n  Nossos servidores est\u00e3o em conformidade com a regulamenta\u00e7\u00e3o HIPAA, garantindo a prote\u00e7\u00e3o e a privacidade dos dados dos pacientes.\r\n    <\/p>\r\n  <\/div>\r\n<\/div>\t\t\t\t<\/div>\n\t\t\t\t<\/div>\n\t\t\t\t\t<\/div>\n\t\t<\/div>\n\t\t\t\t\t<\/div>\n\t\t<\/section>\n\t\t\t\t\t<\/div>\n\t\t<\/div>\n\t\t\t\t\t<\/div>\n\t\t<\/section>\n\t\t\t\t<section class=\"elementor-section elementor-top-section elementor-element elementor-element-95d2600 elementor-section-boxed elementor-section-height-default elementor-section-height-default\" data-id=\"95d2600\" data-element_type=\"section\" data-e-type=\"section\">\n\t\t\t\t\t\t<div class=\"elementor-container elementor-column-gap-default\">\n\t\t\t\t\t<div class=\"elementor-column elementor-col-25 elementor-top-column elementor-element elementor-element-9c13cab\" data-id=\"9c13cab\" data-element_type=\"column\" data-e-type=\"column\">\n\t\t\t<div class=\"elementor-widget-wrap elementor-element-populated\">\n\t\t\t\t\t\t<div class=\"elementor-element elementor-element-ffc79d2 elementor-widget elementor-widget-html\" data-id=\"ffc79d2\" data-element_type=\"widget\" data-e-type=\"widget\" data-widget_type=\"html.default\">\n\t\t\t\t<div class=\"elementor-widget-container\">\n\t\t\t\t\t<head> \r\n    <style>\r\n        .hover-effect {\r\n  position: relative;\r\n  display: inline-block;\r\n  transition: 2s;\r\n}\r\n\r\n\r\n    .hover-effect img:hover{\r\n       \r\n    }\r\n    \r\n    \r\n.hover-effect:hover .text-overlay {\r\n  display: block;\r\n  transition: 2s;\r\n}\r\n\r\n.text-overlay {\r\n  position: absolute;\r\n  top: 0;\r\n  left: 0;\r\n  width: 100%;\r\n  height: 100% !important;\r\n  display: none;\r\n  transition: 2s;\r\n}\r\n\r\n.text-overlay p {\r\n  border: 1px solid #002555;\r\n  padding: 10px;\r\n  padding-top: 60px;\r\n  color: #002555;\r\n  font-weight: 400;\r\n  transition: 2s;\r\n  padding-bottom: 60px !important;\r\n  background-color: white;\r\n  max-height: 100% !important;\r\n  overflow: hidden;\r\n    \r\n}\r\n\r\n    @media screen and (max-width: 991px) {\r\n        .text-overlay p {\r\n            \r\n    \r\n            \r\n            padding-bottom:  200px;\r\n            overflow: hidden;\r\n        }\r\n    }\r\n\r\n    <\/style>\r\n<\/head>\r\n\r\n<div class=\"hover-effect\">\r\n  <img decoding=\"async\" src=\"http:\/\/medassist.med.br\/wp-content\/uploads\/2023\/05\/geolocalizacao.png\" alt=\"Imagem\" \/>\r\n  <div class=\"text-overlay\">\r\n    <p>\r\n   A plataforma se baseia em geolocaliza\u00e7\u00e3o para identificar o contrato e liberar o acesso, garantindo que os servi\u00e7os sejam fornecidos de forma eficiente e personalizada por unidade de sa\u00fade.\r\n    <\/p>\r\n  <\/div>\r\n<\/div>\t\t\t\t<\/div>\n\t\t\t\t<\/div>\n\t\t\t\t\t<\/div>\n\t\t<\/div>\n\t\t\t\t<div class=\"elementor-column elementor-col-25 elementor-top-column elementor-element elementor-element-aa4cdec\" data-id=\"aa4cdec\" data-element_type=\"column\" data-e-type=\"column\">\n\t\t\t<div class=\"elementor-widget-wrap elementor-element-populated\">\n\t\t\t\t\t\t<div class=\"elementor-element elementor-element-2649b16 elementor-widget elementor-widget-html\" data-id=\"2649b16\" data-element_type=\"widget\" data-e-type=\"widget\" data-widget_type=\"html.default\">\n\t\t\t\t<div class=\"elementor-widget-container\">\n\t\t\t\t\t<head> \r\n    <style>\r\n        .hover-effect {\r\n  position: relative;\r\n  display: inline-block;\r\n  transition: 2s;\r\n}\r\n\r\n\r\n    .hover-effect img:hover{\r\n       \r\n    }\r\n    \r\n    \r\n.hover-effect:hover .text-overlay {\r\n  display: block;\r\n  transition: 2s;\r\n}\r\n\r\n.text-overlay {\r\n  position: absolute;\r\n  top: 0;\r\n  left: 0;\r\n  width: 100%;\r\n  height: 100% !important;\r\n  display: none;\r\n  transition: 2s;\r\n}\r\n\r\n.text-overlay p {\r\n  border: 1px solid #002555;\r\n  padding: 10px;\r\n  padding-top: 50px;\r\n  color: #002555;\r\n  font-weight: 400;\r\n  transition: 2s;\r\n  padding-bottom: 55px;\r\n  background-color: white;\r\n  max-height: 100% !important;\r\n  overflow: hidden !important;\r\n    \r\n}\r\n\r\n    @media screen and (max-width: 991px) {\r\n        .text-overlay p {\r\n            \r\n    \r\n            \r\n            padding-bottom:  200px;\r\n            overflow: hidden;\r\n        }\r\n    }\r\n\r\n    <\/style>\r\n<\/head>\r\n\r\n<div class=\"hover-effect\">\r\n  <img decoding=\"async\" src=\"http:\/\/medassist.med.br\/wp-content\/uploads\/2023\/05\/app.png\" alt=\"Imagem\" \/>\r\n  <div class=\"text-overlay\">\r\n    <p>\r\n      Nossa plataforma m\u00f3vel foi desenvolvida para proporcionar acesso r\u00e1pido e f\u00e1cil aos recursos, permitindo que m\u00e9dicos e pacientes se beneficiem da telemedicina em qualquer lugar.\r\n    <\/p>\r\n  <\/div>\r\n<\/div>\t\t\t\t<\/div>\n\t\t\t\t<\/div>\n\t\t\t\t\t<\/div>\n\t\t<\/div>\n\t\t\t\t<div class=\"elementor-column elementor-col-25 elementor-top-column elementor-element elementor-element-a1a3193\" data-id=\"a1a3193\" data-element_type=\"column\" data-e-type=\"column\">\n\t\t\t<div class=\"elementor-widget-wrap elementor-element-populated\">\n\t\t\t\t\t\t<div class=\"elementor-element elementor-element-459299f elementor-widget elementor-widget-html\" data-id=\"459299f\" data-element_type=\"widget\" data-e-type=\"widget\" data-widget_type=\"html.default\">\n\t\t\t\t<div class=\"elementor-widget-container\">\n\t\t\t\t\t<head> \r\n    <style>\r\n        .hover-effect {\r\n  position: relative;\r\n  display: inline-block;\r\n  transition: 2s;\r\n}\r\n\r\n\r\n    .hover-effect img:hover{\r\n       \r\n    }\r\n    \r\n    \r\n.hover-effect:hover .text-overlay {\r\n  display: block;\r\n  transition: 2s;\r\n}\r\n\r\n.text-overlay {\r\n  position: absolute;\r\n  top: 0;\r\n  left: 0;\r\n  width: 100%;\r\n  height: 100% !important;\r\n  display: none;\r\n  transition: 2s;\r\n}\r\n\r\n.text-overlay p {\r\n  border: 1px solid #002555;\r\n  padding: 10px;\r\n  padding-top: 50px;\r\n  color: #002555;\r\n  font-weight: 400;\r\n  transition: 2s;\r\n  padding-bottom: 55px;\r\n  background-color: white;\r\n  max-height: 100% !important;\r\n  overflow: auto;\r\n    \r\n}\r\n\r\n    @media screen and (max-width: 991px) {\r\n        .text-overlay p {\r\n            padding-bottom:  300px;\r\n            overflow: hidden;\r\n        }\r\n    }\r\n\r\n    <\/style>\r\n<\/head>\r\n\r\n<div class=\"hover-effect\">\r\n  <img decoding=\"async\" src=\"http:\/\/medassist.med.br\/wp-content\/uploads\/2023\/05\/backup.png\" alt=\"Imagem\" \/>\r\n  <div class=\"text-overlay\">\r\n    <p>\r\nOferecemos um servi\u00e7o de backup com m\u00e9dicos especialistas, assegurando a continuidade e a qualidade do atendimento em caso de interrup\u00e7\u00f5es ou emerg\u00eancias.\r\n    <\/p>\r\n  <\/div>\r\n<\/div>\t\t\t\t<\/div>\n\t\t\t\t<\/div>\n\t\t\t\t\t<\/div>\n\t\t<\/div>\n\t\t\t\t<div class=\"elementor-column elementor-col-25 elementor-top-column elementor-element elementor-element-3b145e0\" data-id=\"3b145e0\" data-element_type=\"column\" data-e-type=\"column\">\n\t\t\t<div class=\"elementor-widget-wrap elementor-element-populated\">\n\t\t\t\t\t\t<div class=\"elementor-element elementor-element-27efa2c elementor-widget elementor-widget-html\" data-id=\"27efa2c\" data-element_type=\"widget\" data-e-type=\"widget\" data-widget_type=\"html.default\">\n\t\t\t\t<div class=\"elementor-widget-container\">\n\t\t\t\t\t<head> \r\n    <style>\r\n        .hover-effect {\r\n  position: relative;\r\n  display: inline-block;\r\n  transition: 2s;\r\n}\r\n\r\n\r\n    .hover-effect img:hover{\r\n       \r\n    }\r\n    \r\n    \r\n.hover-effect:hover .text-overlay {\r\n  display: block;\r\n  transition: 2s;\r\n}\r\n\r\n.text-overlay {\r\n  position: absolute;\r\n  top: 0;\r\n  left: 0;\r\n  width: 100%;\r\n  height: 100% !important;\r\n  display: none;\r\n  transition: 2s;\r\n}\r\n\r\n.text-overlay p {\r\n  border: 1px solid #002555;\r\n  padding: 10px;\r\n  padding-top: 50px;\r\n  color: #002555;\r\n  font-weight: 400;\r\n  transition: 2s;\r\n  padding-bottom: 85px !important;\r\n  background-color: white;\r\n  max-height: 100% !important;\r\n  overflow: auto;\r\n    \r\n}\r\n\r\n    @media screen and (max-width: 991px) {\r\n        .text-overlay p {\r\n            \r\n    \r\n            \r\n            padding-bottom:  200px;\r\n            overflow: hidden;\r\n        }\r\n    }\r\n\r\n    <\/style>\r\n<\/head>\r\n\r\n<div class=\"hover-effect\">\r\n  <img decoding=\"async\" src=\"http:\/\/medassist.med.br\/wp-content\/uploads\/2023\/05\/cripto.png\" alt=\"Imagem\" \/>\r\n  <div class=\"text-overlay\">\r\n    <p>\r\n       A comunica\u00e7\u00e3o entre os usu\u00e1rios \u00e9 protegida por criptografia ponto a ponto, garantindo a confidencialidade e a integridade das informa\u00e7\u00f5es trocadas.\r\n    <\/p>\r\n  <\/div>\r\n<\/div>\t\t\t\t<\/div>\n\t\t\t\t<\/div>\n\t\t\t\t\t<\/div>\n\t\t<\/div>\n\t\t\t\t\t<\/div>\n\t\t<\/section>\n\t\t\t\t<\/div>\n\t\t","protected":false},"excerpt":{"rendered":"<p>Nossos Diferenciais A solu\u00e7\u00e3o conta com certificado digital em nuvem e assinatura eletr\u00f4nica automatizada, assegurando a autenticidade e a seguran\u00e7a das informa\u00e7\u00f5es compartilhadas. Nossa solu\u00e7\u00e3o utiliza uma abordagem ass\u00edncrona para auxiliar na tomada de decis\u00f5es cl\u00ednicas, proporcionando maior flexibilidade e efici\u00eancia no processo. O software \u00e9 integrado \u00e0 nuvem DICOM, permitindo o armazenamento e a [&hellip;]<\/p>\n","protected":false},"author":1,"featured_media":0,"parent":0,"menu_order":0,"comment_status":"closed","ping_status":"closed","template":"elementor_canvas","meta":{"_eb_attr":"","footnotes":""},"class_list":["post-96","page","type-page","status-publish","hentry"],"_links":{"self":[{"href":"https:\/\/medassist.med.br\/index.php\/wp-json\/wp\/v2\/pages\/96","targetHints":{"allow":["GET"]}}],"collection":[{"href":"https:\/\/medassist.med.br\/index.php\/wp-json\/wp\/v2\/pages"}],"about":[{"href":"https:\/\/medassist.med.br\/index.php\/wp-json\/wp\/v2\/types\/page"}],"author":[{"embeddable":true,"href":"https:\/\/medassist.med.br\/index.php\/wp-json\/wp\/v2\/users\/1"}],"replies":[{"embeddable":true,"href":"https:\/\/medassist.med.br\/index.php\/wp-json\/wp\/v2\/comments?post=96"}],"version-history":[{"count":0,"href":"https:\/\/medassist.med.br\/index.php\/wp-json\/wp\/v2\/pages\/96\/revisions"}],"wp:attachment":[{"href":"https:\/\/medassist.med.br\/index.php\/wp-json\/wp\/v2\/media?parent=96"}],"curies":[{"name":"wp","href":"https:\/\/api.w.org\/{rel}","templated":true}]}}